{"id":71,"date":"2025-06-18T14:22:22","date_gmt":"2025-06-18T14:22:22","guid":{"rendered":"https:\/\/premiocampana.hiboucoop.org\/?page_id=71"},"modified":"2025-06-18T14:22:59","modified_gmt":"2025-06-18T14:22:59","slug":"residenze-artistico-letterarie","status":"publish","type":"page","link":"https:\/\/premiocampana.hiboucoop.org\/?page_id=71","title":{"rendered":"Residenze artistico letterarie"},"content":{"rendered":"<p>[et_pb_section fb_built=&#8221;1&#8243; theme_builder_area=&#8221;post_content&#8221; _builder_version=&#8221;4.27.4&#8243; _module_preset=&#8221;default&#8221;][et_pb_row _builder_version=&#8221;4.27.4&#8243; _module_preset=&#8221;default&#8221; theme_builder_area=&#8221;post_content&#8221;][et_pb_column _builder_version=&#8221;4.27.4&#8243; _module_preset=&#8221;default&#8221; type=&#8221;4_4&#8243; theme_builder_area=&#8221;post_content&#8221;][et_pb_text _builder_version=&#8221;4.27.4&#8243; _module_preset=&#8221;default&#8221; theme_builder_area=&#8221;post_content&#8221; header_2_font_size=&#8221;70px&#8221; hover_enabled=&#8221;0&#8243; sticky_enabled=&#8221;0&#8243;]<\/p>\n<h2>Residenze artistico letterarie<\/h2>\n<p>[\/et_pb_text][et_pb_text _builder_version=&#8221;4.27.4&#8243; _module_preset=&#8221;default&#8221; theme_builder_area=&#8221;post_content&#8221; hover_enabled=&#8221;0&#8243; sticky_enabled=&#8221;0&#8243;]<\/p>\n<p>La residenza proposta si rivolge principalmente ad autori di poesie under 35. Le attivit\u00e0 avranno una durata di due giorni e si svolgeranno in un weekend tra giugno e settembre. \u00c8 prevista ospitalit\u00e0 notturna per i partecipanti presso strutture ricettive del territorio.<br \/>La residenza sar\u00e0 incentrata su un tema selezionato ogni anno e comunque coerente con la biografia e le opere campaniane.<\/p>\n<p>La residenza ha come scopo far incontrare giovani autori stimolando la riflessione e la creativit\u00e0 letteraria intorno a tematiche campaniane, immersi nei paesaggi che hanno segnato l\u2019esistenza del poeta e in una prospettiva di condivisione e relazione.<\/p>\n<p>[\/et_pb_text][\/et_pb_column][\/et_pb_row][\/et_pb_section]<\/p>\n","protected":false},"excerpt":{"rendered":"<p>Residenze artistico letterarieLa residenza proposta si rivolge principalmente ad autori di poesie under 35. Le attivit\u00e0 avranno una durata di due giorni e si svolgeranno in un weekend tra giugno e settembre. \u00c8 prevista ospitalit\u00e0 notturna per i partecipanti presso strutture ricettive del territorio.La residenza sar\u00e0 incentrata su un tema selezionato ogni anno e comunque coerente con la biografia e le opere campaniane. La residenza ha come scopo far incontrare giovani autori stimolando la riflessione e la creativit\u00e0 letteraria intorno a tematiche campaniane, immersi nei paesaggi che hanno segnato l\u2019esistenza del poeta e in una prospettiva di condivisione e relazione.<\/p>\n","protected":false},"author":1,"featured_media":0,"parent":0,"menu_order":0,"comment_status":"closed","ping_status":"closed","template":"","meta":{"_et_pb_use_builder":"on","_et_pb_old_content":"","_et_gb_content_width":"","footnotes":""},"class_list":["post-71","page","type-page","status-publish","hentry"],"_links":{"self":[{"href":"https:\/\/premiocampana.hiboucoop.org\/index.php?rest_route=\/wp\/v2\/pages\/71","targetHints":{"allow":["GET"]}}],"collection":[{"href":"https:\/\/premiocampana.hiboucoop.org\/index.php?rest_route=\/wp\/v2\/pages"}],"about":[{"href":"https:\/\/premiocampana.hiboucoop.org\/index.php?rest_route=\/wp\/v2\/types\/page"}],"author":[{"embeddable":true,"href":"https:\/\/premiocampana.hiboucoop.org\/index.php?rest_route=\/wp\/v2\/users\/1"}],"replies":[{"embeddable":true,"href":"https:\/\/premiocampana.hiboucoop.org\/index.php?rest_route=%2Fwp%2Fv2%2Fcomments&post=71"}],"version-history":[{"count":3,"href":"https:\/\/premiocampana.hiboucoop.org\/index.php?rest_route=\/wp\/v2\/pages\/71\/revisions"}],"predecessor-version":[{"id":75,"href":"https:\/\/premiocampana.hiboucoop.org\/index.php?rest_route=\/wp\/v2\/pages\/71\/revisions\/75"}],"wp:attachment":[{"href":"https:\/\/premiocampana.hiboucoop.org\/index.php?rest_route=%2Fwp%2Fv2%2Fmedia&parent=71"}],"curies":[{"name":"wp","href":"https:\/\/api.w.org\/{rel}","templated":true}]}}